{"id":881,"date":"2018-11-22T12:14:39","date_gmt":"2018-11-22T12:14:39","guid":{"rendered":"https:\/\/demo-content.kaliumtheme.com\/medical\/?page_id=881"},"modified":"2026-04-16T11:27:38","modified_gmt":"2026-04-16T09:27:38","slug":"contact","status":"publish","type":"page","link":"https:\/\/download.smokeheadsband.com\/chalvin\/contact\/","title":{"rendered":"Contact"},"content":{"rendered":"<div class=\"wpb-content-wrapper\"><div class=\"vc-row-container container\"><div class=\"vc_row wpb_row vc_row-fluid\"><div class=\"wpb_column vc_column_container vc_col-sm-12\"><div class=\"vc_column-inner\"><div class=\"wpb_wrapper\">\n\t\t\t\t<p class=\"rs-p-wp-fix\"><\/p>\n\t\t\t\t<sr7-module data-alias=\"contact-slider\" data-id=\"2\" id=\"SR7_2_1\" class=\"rs-ov-hidden\" data-version=\"6.7.52\">\n\t\t\t\t\t<sr7-adjuster><\/sr7-adjuster>\n\t\t\t\t\t<sr7-content>\n\t\t\t\t\t\t<sr7-slide id=\"SR7_2_1-6\" data-key=\"6\">\n\t\t\t\t\t\t\t<sr7-bg id=\"SR7_2_1-6-1\" class=\"sr7-layer\"><noscript><img decoding=\"async\" src=\"https:\/\/download.smokeheadsband.com\/chalvin\/wp-content\/uploads\/2026\/01\/landscape_Programme_5.jpg\" alt=\"\" title=\"landscape_Programme_5\"><\/noscript><\/sr7-bg>\n\t\t\t\t\t\t<\/sr7-slide>\n\t\t\t\t\t\t<sr7-slide id=\"SR7_2_1-7\" data-key=\"7\">\n\t\t\t\t\t\t\t<sr7-bg id=\"SR7_2_1-7-1\" class=\"sr7-layer\"><noscript><img decoding=\"async\" src=\"https:\/\/dev.1pointctout.com\/visionpartagee\/wp-content\/uploads\/2025\/12\/landscape_Programme_2.jpg\" alt=\"\" title=\"landscape_Programme_2\"><\/noscript><\/sr7-bg>\n\t\t\t\t\t\t<\/sr7-slide>\n\t\t\t\t\t\t<sr7-slide id=\"SR7_2_1-12\" data-key=\"12\">\n\t\t\t\t\t\t\t<sr7-bg id=\"SR7_2_1-12-1\" class=\"sr7-layer\"><noscript><img decoding=\"async\" src=\"https:\/\/dev.1pointctout.com\/visionpartagee\/wp-content\/uploads\/2025\/12\/landscape_Programme_4.jpg\" alt=\"\" title=\"landscape_Programme_4\"><\/noscript><\/sr7-bg>\n\t\t\t\t\t\t<\/sr7-slide>\n\t\t\t\t\t\t<sr7-slide id=\"SR7_2_1-15\" data-key=\"15\">\n\t\t\t\t\t\t\t<sr7-bg id=\"SR7_2_1-15-1\" class=\"sr7-layer\"><noscript><img decoding=\"async\" src=\"https:\/\/download.smokeheadsband.com\/chalvin\/wp-content\/uploads\/2026\/01\/landscape_Programme_6.jpg\" alt=\"\" title=\"landscape_Programme_6\"><\/noscript><\/sr7-bg>\n\t\t\t\t\t\t<\/sr7-slide>\n\t\t\t\t\t\t<sr7-slide id=\"SR7_2_1-8\" data-key=\"8\">\n\t\t\t\t\t\t<\/sr7-slide>\n\t\t\t\t\t<\/sr7-content>\n\t\t\t\t\t<image_lists style=\"display:none\">\n\t\t\t\t\t\t<img data-src=\"\/\/download.smokeheadsband.com\/chalvin\/wp-content\/uploads\/2026\/01\/landscape_Programme_5.jpg\" data-libid=\"2475\" data-lib=\"medialibrary\" title=\"landscape_Programme_5\" width=\"0\" height=\"0\" data-dbsrc=\"Ly9kb3dubG9hZC5zbW9rZWhlYWRzYmFuZC5jb20vY2hhbHZpbi93cC1jb250ZW50L3VwbG9hZHMvMjAyNi8wMS9sYW5kc2NhcGVfUHJvZ3JhbW1lXzUuanBn\"\/>\n\t\t\t\t\t\t<img data-src=\"\/\/dev.1pointctout.com\/visionpartagee\/wp-content\/uploads\/2025\/12\/landscape_Programme_2.jpg\" data-libid=\"1671\" data-lib=\"medialibrary\" title=\"landscape_Programme_2\" width=\"0\" height=\"0\" data-dbsrc=\"Ly9kZXYuMXBvaW50Y3RvdXQuY29tL3Zpc2lvbnBhcnRhZ2VlL3dwLWNvbnRlbnQvdXBsb2Fkcy8yMDI1LzEyL2xhbmRzY2FwZV9Qcm9ncmFtbWVfMi5qcGc=\"\/>\n\t\t\t\t\t\t<img data-src=\"\/\/dev.1pointctout.com\/visionpartagee\/wp-content\/uploads\/2025\/12\/landscape_Programme_4.jpg\" data-libid=\"1673\" data-lib=\"medialibrary\" title=\"landscape_Programme_4\" width=\"0\" height=\"0\" data-dbsrc=\"Ly9kZXYuMXBvaW50Y3RvdXQuY29tL3Zpc2lvbnBhcnRhZ2VlL3dwLWNvbnRlbnQvdXBsb2Fkcy8yMDI1LzEyL2xhbmRzY2FwZV9Qcm9ncmFtbWVfNC5qcGc=\"\/>\n\t\t\t\t\t\t<img data-src=\"\/\/download.smokeheadsband.com\/chalvin\/wp-content\/uploads\/2026\/01\/landscape_Programme_6.jpg\" data-libid=\"2476\" data-lib=\"medialibrary\" title=\"landscape_Programme_6\" width=\"0\" height=\"0\" data-dbsrc=\"Ly9kb3dubG9hZC5zbW9rZWhlYWRzYmFuZC5jb20vY2hhbHZpbi93cC1jb250ZW50L3VwbG9hZHMvMjAyNi8wMS9sYW5kc2NhcGVfUHJvZ3JhbW1lXzYuanBn\"\/>\n\t\t\t\t\t<\/image_lists>\n\t\t\t\t<\/sr7-module>\n\t\t\t\t<script>\n\t\t\t\t\twindow.SR7 ??={};SR7.PMH ??={}; SR7.PMH[\"SR7_2_1\"] = {cn:100,state:false,fn: function() { if (window._tpt!==undefined && window._tpt.prepareModuleHeight !== undefined) {  _tpt.prepareModuleHeight({id:\"SR7_2_1\",el:[400,400,500,450,450],type:'standard',shdw:'0',gh:[400,400,200,150,100],gw:[1140,1140,1024,778,480],vpt:['-200px&#039;,&#039;-200px&#039;,&#039;-200px&#039;,&#039;-200px&#039;,&#039;-200px'],size:{fullWidth:true, fullHeight:false},mh:'0',onh:0,onw:0,bg:{color:'{\"type\":\"solid\",\"orig\":\"#686868\",\"string\":\"rgba(104, 104, 104, 1)\"}'},plType:'3',plColor:'#FFFFFF'});   SR7.PMH[\"SR7_2_1\"].state=true;} else if(SR7.PMH[\"SR7_2_1\"].cn-->0)\tsetTimeout( SR7.PMH[\"SR7_2_1\"].fn,19);}};SR7.PMH[\"SR7_2_1\" ].fn();\n\t\t\t\t<\/script>\n<\/div><\/div><\/div><\/div><\/div><div class=\"vc-row-container container parent--contact-row\"><div class=\"vc_row wpb_row vc_row-fluid contact-row vc_custom_1776331656374\"><div class=\"wpb_column vc_column_container vc_col-sm-2\"><div class=\"vc_column-inner\"><div class=\"wpb_wrapper\"><\/div><\/div><\/div><div class=\"wpb_column vc_column_container vc_col-sm-4\"><div class=\"vc_column-inner\"><div class=\"wpb_wrapper\">\n\t<div class=\"wpb_text_column wpb_content_element vc_custom_1776330981227 post-formatting \" >\n\t\t<div class=\"wpb_wrapper\">\n\t\t\t<h3>Adresse<\/h3>\n\n\t\t<\/div>\n\t<\/div>\n\n\t<div class=\"wpb_text_column wpb_content_element vc_custom_1776331289224 post-formatting \" >\n\t\t<div class=\"wpb_wrapper\">\n\t\t\t<p><strong>Agence CHALVIN &amp; Company<\/strong><\/p>\n<p>Rue de la Corraterie 14,<\/p>\n<p>1204 Gen\u00e8ve<\/p>\n\n\t\t<\/div>\n\t<\/div>\n<\/div><\/div><\/div><div class=\"wpb_column vc_column_container vc_col-sm-4\"><div class=\"vc_column-inner\"><div class=\"wpb_wrapper\">\n\t<div class=\"wpb_text_column wpb_content_element vc_custom_1776331004826 post-formatting \" >\n\t\t<div class=\"wpb_wrapper\">\n\t\t\t<h3>Contactez-nous<\/h3>\n\n\t\t<\/div>\n\t<\/div>\n\n\t<div class=\"wpb_text_column wpb_content_element post-formatting \" >\n\t\t<div class=\"wpb_wrapper\">\n\t\t\t<p>\u00c9crivez-nous via le formulaire ou contactez-nous directement.<\/p>\n<p>Email : <a href=\"mailto:gchalvin@chalvinetcompany.ch\">gchalvin@chalvinetcompany.ch<\/a><\/p>\n<p>T\u00e9l\u00e9phone :\u00a0 <a href=\"tel:0041797675927\">+41 79 767 59 27<\/a><\/p>\n\n\t\t<\/div>\n\t<\/div>\n<\/div><\/div><\/div><div class=\"wpb_column vc_column_container vc_col-sm-2\"><div class=\"vc_column-inner\"><div class=\"wpb_wrapper\"><\/div><\/div><\/div><\/div><\/div><div class=\"vc-row-container vc-row-container--stretch-content-no-spaces\"><div data-vc-full-width=\"true\" data-vc-full-width-temp=\"true\" data-vc-full-width-init=\"false\" data-vc-stretch-content=\"true\" class=\"vc_row wpb_row vc_row-fluid vc_custom_1776330956709 vc_row-has-fill vc_row-no-padding\"><div class=\"wpb_column vc_column_container vc_col-sm-12\"><div class=\"vc_column-inner\"><div class=\"wpb_wrapper\"><div class=\"vc_row wpb_row vc_inner vc_row-fluid\"><div class=\"wpb_column vc_column_container vc_col-sm-12\"><div class=\"vc_column-inner\"><div class=\"wpb_wrapper\"><div class=\"lab-contact-form contact-form \">\n\n\t<form action=\"\" method=\"post\" class=\"contact-form\" id=\"el_69e0fb18ca01f\" data-alerts=\"1\" data-alerts-msg=\"Please fill &quot;%&quot; field.\" data-privacy-error-msg=\"You must check privacy policy checkbox in order to submit the form.\" novalidate>\n\n\t\t<div class=\"row\">\n\n    \t\t<div class=\"col-sm-6\">\n\t\t\t\t<div class=\"form-group labeled-input-row\">\n\t\t\t\t\t\t\t\t\t\t<label for=\"el_69e0fb18ca01f_name\">Nom et pr\u00e9nom<\/label>\n\t\t\t\t\t\t\t\t\t\t<input name=\"name\" id=\"el_69e0fb18ca01f_name\" type=\"text\" placeholder=\"\" data-label=\"Nom et pr\u00e9nom\">\n\t\t\t\t<\/div>\n    \t\t<\/div>\n\n\t\t\t<div class=\"col-sm-6\">\n\t\t\t\t<div class=\"form-group labeled-input-row\">\n\t\t\t\t\t\t\t\t\t\t<label for=\"el_69e0fb18ca01f_email\">Email<\/label>\n\t\t\t\t\t\t\t\t\t\t<input name=\"email\" id=\"el_69e0fb18ca01f_email\" type=\"email\" placeholder=\"\" data-label=\"Email\">\n\t\t\t\t<\/div>\n\t\t\t<\/div>\n\n\t\t\t\t    \t\t<div class=\"col-sm-12\">\n\t\t\t\t\t<div class=\"form-group labeled-input-row\">\n\t\t\t\t\t\t\t\t\t\t\t\t<label for=\"el_69e0fb18ca01f_subject\">Objet :<\/label>\n\t\t\t\t\t\t\t\t\t\t\t\t<input name=\"subject\" id=\"el_69e0fb18ca01f_subject\" type=\"text\" placeholder=\"\" data-label=\"Objet \">\n\t\t\t\t\t<\/div>\n\t    \t\t<\/div>\n\t\t\t\n\t\t\t<div class=\"col-sm-12\">\n\t\t\t\t<div class=\"form-group labeled-textarea-row\">\n\t\t\t\t\t\t\t\t\t\t<label for=\"el_69e0fb18ca01f_message\">Message<\/label>\n\t\t\t\t\t\t\t\t\t\t<textarea name=\"message\" id=\"el_69e0fb18ca01f_message\" placeholder=\"\" data-label=\"Message\"><\/textarea>\n\t\t\t\t<\/div>\n\t\t\t<\/div>\n\n\t\t<\/div><!-- row -->\n\n\t\t\n\t\t\t\t\t<div class=\"form-group contact-form-privacy-policy\">\n\n\t\t\t\t<label>\n\t\t\t\t\t<input type=\"checkbox\" name=\"privacy_policy_check\" \/>\n\t\t\t\t\t<span>J'ai lu et j'accepte les <a href=\"#\">terms &amp; conditions<\/a> *<\/span>\n\t\t\t\t<\/label>\n\n\t\t\t<\/div>\n\t\t\n\t\t<button type=\"submit\" name=\"send\" class=\"button\">\n\t\t\t<span class=\"pre-submit\">Envoyer le message<\/span>\n\t\t\t<span class=\"success-msg\">Merci #, votre message a \u00e9t\u00e9 envoy\u00e9 ! <i class=\"flaticon-verification24\"><\/i><\/span>\n\t\t\t<span class=\"loading-bar\">\n\t\t\t\t<span><\/span>\n\t\t\t<\/span>\n\t\t<\/button>\n\n\t<\/form>\n\n<\/div><\/div><\/div><\/div><\/div><\/div><\/div><\/div><\/div><div class=\"vc_row-full-width vc_clearfix\"><\/div><\/div>\n<\/div>","protected":false},"excerpt":{"rendered":"Adresse Agence CHALVIN &amp; Company Rue de la Corraterie 14, 1204 Gen\u00e8ve Contactez-nous \u00c9crivez-nous via le formulaire ou contactez-nous directement. Email : gchalvin@chalvinetcompany.ch T\u00e9l\u00e9phone :\u00a0 +41 79 767 59 27 Nom et pr\u00e9nom Email Objet : Message J'ai lu et j'accepte les terms &amp; conditions * Envoyer le message Merci #, votre message a \u00e9t\u00e9&hellip;","protected":false},"author":1,"featured_media":0,"parent":0,"menu_order":3,"comment_status":"closed","ping_status":"closed","template":"","meta":{"_acf_changed":false,"footnotes":""},"class_list":["post-881","page","type-page","status-publish","hentry"],"acf":[],"yoast_head":"<!-- This site is optimized with the Yoast SEO plugin v27.0 - https:\/\/yoast.com\/product\/yoast-seo-wordpress\/ -->\n<title>Contact | Chalvin et Company<\/title>\n<meta name=\"robots\" content=\"index, follow, max-snippet:-1, max-image-preview:large, max-video-preview:-1\" \/>\n<link rel=\"canonical\" href=\"https:\/\/download.smokeheadsband.com\/chalvin\/contact\/\" \/>\n<meta property=\"og:locale\" content=\"fr_FR\" \/>\n<meta property=\"og:type\" content=\"article\" \/>\n<meta property=\"og:title\" content=\"Contact | Chalvin et Company\" \/>\n<meta property=\"og:url\" content=\"https:\/\/download.smokeheadsband.com\/chalvin\/contact\/\" \/>\n<meta property=\"og:site_name\" content=\"Chalvin et Company\" \/>\n<meta property=\"article:publisher\" content=\"https:\/\/www.facebook.com\/chalvinetcompany.ch\" \/>\n<meta property=\"article:modified_time\" content=\"2026-04-16T09:27:38+00:00\" \/>\n<meta property=\"og:image\" content=\"https:\/\/download.smokeheadsband.com\/chalvin\/wp-content\/uploads\/2026\/04\/image_site.jpg\" \/>\n\t<meta property=\"og:image:width\" content=\"1200\" \/>\n\t<meta property=\"og:image:height\" content=\"675\" \/>\n\t<meta property=\"og:image:type\" content=\"image\/jpeg\" \/>\n<meta name=\"twitter:card\" content=\"summary_large_image\" \/>\n<meta name=\"twitter:label1\" content=\"Dur\u00e9e de lecture estim\u00e9e\" \/>\n\t<meta name=\"twitter:data1\" content=\"1 minute\" \/>\n<script type=\"application\/ld+json\" class=\"yoast-schema-graph\">{\"@context\":\"https:\/\/schema.org\",\"@graph\":[{\"@type\":\"WebPage\",\"@id\":\"https:\/\/download.smokeheadsband.com\/chalvin\/contact\/\",\"url\":\"https:\/\/download.smokeheadsband.com\/chalvin\/contact\/\",\"name\":\"Contact | Chalvin et Company\",\"isPartOf\":{\"@id\":\"https:\/\/download.smokeheadsband.com\/chalvin\/#website\"},\"datePublished\":\"2018-11-22T12:14:39+00:00\",\"dateModified\":\"2026-04-16T09:27:38+00:00\",\"breadcrumb\":{\"@id\":\"https:\/\/download.smokeheadsband.com\/chalvin\/contact\/#breadcrumb\"},\"inLanguage\":\"fr-FR\",\"potentialAction\":[{\"@type\":\"ReadAction\",\"target\":[\"https:\/\/download.smokeheadsband.com\/chalvin\/contact\/\"]}]},{\"@type\":\"BreadcrumbList\",\"@id\":\"https:\/\/download.smokeheadsband.com\/chalvin\/contact\/#breadcrumb\",\"itemListElement\":[{\"@type\":\"ListItem\",\"position\":1,\"name\":\"Accueil\",\"item\":\"https:\/\/download.smokeheadsband.com\/chalvin\/\"},{\"@type\":\"ListItem\",\"position\":2,\"name\":\"Contact\"}]},{\"@type\":\"WebSite\",\"@id\":\"https:\/\/download.smokeheadsband.com\/chalvin\/#website\",\"url\":\"https:\/\/download.smokeheadsband.com\/chalvin\/\",\"name\":\"Chalvin et Company\",\"description\":\"Cr\u00e9ateur d&#039;id\u00e9es et de liens\",\"publisher\":{\"@id\":\"https:\/\/download.smokeheadsband.com\/chalvin\/#organization\"},\"potentialAction\":[{\"@type\":\"SearchAction\",\"target\":{\"@type\":\"EntryPoint\",\"urlTemplate\":\"https:\/\/download.smokeheadsband.com\/chalvin\/?s={search_term_string}\"},\"query-input\":{\"@type\":\"PropertyValueSpecification\",\"valueRequired\":true,\"valueName\":\"search_term_string\"}}],\"inLanguage\":\"fr-FR\"},{\"@type\":\"Organization\",\"@id\":\"https:\/\/download.smokeheadsband.com\/chalvin\/#organization\",\"name\":\"Chalvin et Company\",\"url\":\"https:\/\/download.smokeheadsband.com\/chalvin\/\",\"logo\":{\"@type\":\"ImageObject\",\"inLanguage\":\"fr-FR\",\"@id\":\"https:\/\/download.smokeheadsband.com\/chalvin\/#\/schema\/logo\/image\/\",\"url\":\"https:\/\/download.smokeheadsband.com\/chalvin\/wp-content\/uploads\/2026\/04\/image_site.jpg\",\"contentUrl\":\"https:\/\/download.smokeheadsband.com\/chalvin\/wp-content\/uploads\/2026\/04\/image_site.jpg\",\"width\":1200,\"height\":675,\"caption\":\"Chalvin et Company\"},\"image\":{\"@id\":\"https:\/\/download.smokeheadsband.com\/chalvin\/#\/schema\/logo\/image\/\"},\"sameAs\":[\"https:\/\/www.facebook.com\/chalvinetcompany.ch\",\"https:\/\/www.instagram.com\/chalvinetcompany?igshid=vqxrk7fub0r5\"]}]}<\/script>\n<!-- \/ Yoast SEO plugin. -->","yoast_head_json":{"title":"Contact | Chalvin et Company","robots":{"index":"index","follow":"follow","max-snippet":"max-snippet:-1","max-image-preview":"max-image-preview:large","max-video-preview":"max-video-preview:-1"},"canonical":"https:\/\/download.smokeheadsband.com\/chalvin\/contact\/","og_locale":"fr_FR","og_type":"article","og_title":"Contact | Chalvin et Company","og_url":"https:\/\/download.smokeheadsband.com\/chalvin\/contact\/","og_site_name":"Chalvin et Company","article_publisher":"https:\/\/www.facebook.com\/chalvinetcompany.ch","article_modified_time":"2026-04-16T09:27:38+00:00","og_image":[{"width":1200,"height":675,"url":"https:\/\/download.smokeheadsband.com\/chalvin\/wp-content\/uploads\/2026\/04\/image_site.jpg","type":"image\/jpeg"}],"twitter_card":"summary_large_image","twitter_misc":{"Dur\u00e9e de lecture estim\u00e9e":"1 minute"},"schema":{"@context":"https:\/\/schema.org","@graph":[{"@type":"WebPage","@id":"https:\/\/download.smokeheadsband.com\/chalvin\/contact\/","url":"https:\/\/download.smokeheadsband.com\/chalvin\/contact\/","name":"Contact | Chalvin et Company","isPartOf":{"@id":"https:\/\/download.smokeheadsband.com\/chalvin\/#website"},"datePublished":"2018-11-22T12:14:39+00:00","dateModified":"2026-04-16T09:27:38+00:00","breadcrumb":{"@id":"https:\/\/download.smokeheadsband.com\/chalvin\/contact\/#breadcrumb"},"inLanguage":"fr-FR","potentialAction":[{"@type":"ReadAction","target":["https:\/\/download.smokeheadsband.com\/chalvin\/contact\/"]}]},{"@type":"BreadcrumbList","@id":"https:\/\/download.smokeheadsband.com\/chalvin\/contact\/#breadcrumb","itemListElement":[{"@type":"ListItem","position":1,"name":"Accueil","item":"https:\/\/download.smokeheadsband.com\/chalvin\/"},{"@type":"ListItem","position":2,"name":"Contact"}]},{"@type":"WebSite","@id":"https:\/\/download.smokeheadsband.com\/chalvin\/#website","url":"https:\/\/download.smokeheadsband.com\/chalvin\/","name":"Chalvin et Company","description":"Cr\u00e9ateur d&#039;id\u00e9es et de liens","publisher":{"@id":"https:\/\/download.smokeheadsband.com\/chalvin\/#organization"},"potentialAction":[{"@type":"SearchAction","target":{"@type":"EntryPoint","urlTemplate":"https:\/\/download.smokeheadsband.com\/chalvin\/?s={search_term_string}"},"query-input":{"@type":"PropertyValueSpecification","valueRequired":true,"valueName":"search_term_string"}}],"inLanguage":"fr-FR"},{"@type":"Organization","@id":"https:\/\/download.smokeheadsband.com\/chalvin\/#organization","name":"Chalvin et Company","url":"https:\/\/download.smokeheadsband.com\/chalvin\/","logo":{"@type":"ImageObject","inLanguage":"fr-FR","@id":"https:\/\/download.smokeheadsband.com\/chalvin\/#\/schema\/logo\/image\/","url":"https:\/\/download.smokeheadsband.com\/chalvin\/wp-content\/uploads\/2026\/04\/image_site.jpg","contentUrl":"https:\/\/download.smokeheadsband.com\/chalvin\/wp-content\/uploads\/2026\/04\/image_site.jpg","width":1200,"height":675,"caption":"Chalvin et Company"},"image":{"@id":"https:\/\/download.smokeheadsband.com\/chalvin\/#\/schema\/logo\/image\/"},"sameAs":["https:\/\/www.facebook.com\/chalvinetcompany.ch","https:\/\/www.instagram.com\/chalvinetcompany?igshid=vqxrk7fub0r5"]}]}},"_links":{"self":[{"href":"https:\/\/download.smokeheadsband.com\/chalvin\/wp-json\/wp\/v2\/pages\/881","targetHints":{"allow":["GET"]}}],"collection":[{"href":"https:\/\/download.smokeheadsband.com\/chalvin\/wp-json\/wp\/v2\/pages"}],"about":[{"href":"https:\/\/download.smokeheadsband.com\/chalvin\/wp-json\/wp\/v2\/types\/page"}],"author":[{"embeddable":true,"href":"https:\/\/download.smokeheadsband.com\/chalvin\/wp-json\/wp\/v2\/users\/1"}],"replies":[{"embeddable":true,"href":"https:\/\/download.smokeheadsband.com\/chalvin\/wp-json\/wp\/v2\/comments?post=881"}],"version-history":[{"count":35,"href":"https:\/\/download.smokeheadsband.com\/chalvin\/wp-json\/wp\/v2\/pages\/881\/revisions"}],"predecessor-version":[{"id":3157,"href":"https:\/\/download.smokeheadsband.com\/chalvin\/wp-json\/wp\/v2\/pages\/881\/revisions\/3157"}],"wp:attachment":[{"href":"https:\/\/download.smokeheadsband.com\/chalvin\/wp-json\/wp\/v2\/media?parent=881"}],"curies":[{"name":"wp","href":"https:\/\/api.w.org\/{rel}","templated":true}]}}